{"id":1102,"date":"2022-08-04T00:21:55","date_gmt":"2022-08-04T00:21:55","guid":{"rendered":"http:\/\/idealmusicbox.com\/?post_type=product&#038;p=1102"},"modified":"2026-01-22T19:40:29","modified_gmt":"2026-01-23T00:40:29","slug":"cuatro-venezolano-ideal-music-pine-spruce-and-mahogany-imcu122-sm-15f","status":"publish","type":"product","link":"https:\/\/idealmusicbox.com\/es\/producto\/cuatro-venezolano-ideal-musica-pino-abeto-y-caoba-imcu122-sm-15f\/","title":{"rendered":"CUATRO VENEZOLANO IDEAL MUSIC PINO-ABETO Y CAOBA IMCU122-SM-15F"},"content":{"rendered":"<p><strong>El Cuatro IMCU-122-15F-SM<\/strong><br \/>\nTapa de pino-abeto y aros y fondo de caoba de alta calidad.<\/p>\n<p>\u2022 Tapa: Pino arm\u00f3nico<br \/>\n\u2022 Fondo y aros: caoba<br \/>\n\u2022 Diapas\u00f3n y puente: Palisandro<br \/>\n\u2022 M\u00e1stil: Caoba<br \/>\n\u2022 Afinadores de precisi\u00f3n de 18 pasos de engranajes<br \/>\n\u2022 Cuerdas de nailon Ideal Music y<br \/>\n\u2022 Estuche tipo mochila negro<\/p>\n<p>El Cuatro Venezolano IMCU-300-322-122-SM,<br \/>\nTapa de pino-abeto y aros y fondo de caoba de alta calidad.<\/p>\n<p>El pino en la parte superior asegura una voz clara, brillante y robusta, d\u00e1ndole al Cuatro Ideal Music una gran proyecci\u00f3n en la sala.<\/p>\n<p>La caoba en fondo y aros, es una madera dura tropical de color desde dorado hasta marr\u00f3n rojizo oscuro, es una madera densa que da un sonido dulce, c\u00e1lido y con muy buen \u201csustain\u201d, se utiliza frecuentemente en guitarras cl\u00e1sicas.<\/p>\n<p>Los florones y apliques en los cantos de todos nuestros Cuatro Ideal Music son incrustaciones de maderas de peral pintado de negro, pino y caoba que adem\u00e1s de reforzar los cantos les dan un acabado muy elegante.<br \/>\nEl diapas\u00f3n y puente de palosanto es una madera de alta densidad que produce una excelente respuesta para la transmisi\u00f3n de vibraciones desde las cuerdas al cuerpo del Cuatro.<br \/>\nEl m\u00e1stil y parche son de Caoba rematados con un aplique de Caoba con el logo de la marca Ideal Music grabado en bajo relieve.<br \/>\nLos sintonizadores utilizados son de precisi\u00f3n de 18 pasos de engranajes.<\/p>\n<p>Ideal Music con cuerdas de nailon y estuche r\u00edgido acolchado tipo mochila forrado en lona negra y cierre muy resistente.<\/p>\n<p>El Cuatro Venezolano IMCU-300-322-122-SM,<br \/>\nTope de Pino y fondo y aros de Caoba de alta calidad.<\/p>\n<p>El pino en la tapa garantiza una sonoridad robusta clara y brillante, d\u00e1ndole al Cuatro Ideal Music una proyecci\u00f3n de gran sal\u00f3n.<\/p>\n<p>La Caoba en el fondo y laterales, es una madera dura tropical con un color de dorado a marr\u00f3n rojizo oscuro, es una madera densa que da un sonido dulce, c\u00e1lido y con muy buen \u201csustain\u201d, es frecuentemente usada en las guitarras cl\u00e1sicas.<\/p>\n<p>Las rosetas y los apliques de los bordes de todos nuestros Cuatros Ideal Music, son maderas incrustadas de pera pintada de negro, pino y caoba que adem\u00e1s de reforzar los bordes le dan un acabado muy elegante; el diapas\u00f3n y el puente de palo de rosa es una madera de alta densidad que produce una excelente respuesta para la transmisi\u00f3n de vibraciones de las cuerdas hasta el cuerpo del Cuatro.<br \/>\nEl m\u00e1stil y cabeza son de Caoba terminado con un aplique de Caoba con el logo de la marca de Ideal Music grabado en bajo relieve,<br \/>\nlas clavijas usadas son de precisi\u00f3n de 1:18 pasos en la tuerca de engranaje.<br \/>\nCuerdas de nailon Ideal Music y viene con un estuche tipo morral acolchado r\u00edgido forrado en lona negra y cierre muy resistente.<\/p>","protected":false},"excerpt":{"rendered":"<p><strong>CUATRO 15 TRASTES IMCU-122-15F-SM<\/strong><br \/>\nINSTRUMENTO MUSICAL FLOCLORICO VENEZOLANO<\/p>\n<p><strong>ENV\u00cdO GRATIS EN EE. UU.<\/strong><\/p>\n<p><strong>ENV\u00cdO A NIVEL MUNDIAL<\/strong><br \/>\nUSA, CANAD\u00c1, M\u00c9XICO = LLEGA 5 D\u00cdAS<br \/>\nEUROPA = LLEGA DE 7 A 9 D\u00cdAS<br \/>\nSUR Y CENTROAMERICA = LLEGA DE 7 A 10 DIAS<\/p>\n<p><strong>PREGUNTE POR EL DESCUENTO EN EL ENV\u00cdO FUERA DE USA<\/strong><\/p>\n<p>\u2022 Tapa: Pino arm\u00f3nico<br \/>\n\u2022 Fondo y aros: caoba<br \/>\n\u2022 Diapas\u00f3n y puente: Palisandro<br \/>\n\u2022 M\u00e1stil: Caoba<br \/>\n\u2022 Afinadores de precisi\u00f3n de 18 pasos de engranajes<br \/>\n\u2022 Cuerdas de nailon Ideal Music y<br \/>\n\u2022 Estuche tipo mochila negro<\/p>","protected":false},"featured_media":919,"comment_status":"open","ping_status":"closed","template":"","meta":[],"product_cat":[26,32,30],"product_tag":[38],"jetpack_sharing_enabled":true,"_links":{"self":[{"href":"https:\/\/idealmusicbox.com\/es\/wp-json\/wp\/v2\/product\/1102"}],"collection":[{"href":"https:\/\/idealmusicbox.com\/es\/wp-json\/wp\/v2\/product"}],"about":[{"href":"https:\/\/idealmusicbox.com\/es\/wp-json\/wp\/v2\/types\/product"}],"replies":[{"embeddable":true,"href":"https:\/\/idealmusicbox.com\/es\/wp-json\/wp\/v2\/comments?post=1102"}],"wp:featuredmedia":[{"embeddable":true,"href":"https:\/\/idealmusicbox.com\/es\/wp-json\/wp\/v2\/media\/919"}],"wp:attachment":[{"href":"https:\/\/idealmusicbox.com\/es\/wp-json\/wp\/v2\/media?parent=1102"}],"wp:term":[{"taxonomy":"product_cat","embeddable":true,"href":"https:\/\/idealmusicbox.com\/es\/wp-json\/wp\/v2\/product_cat?post=1102"},{"taxonomy":"product_tag","embeddable":true,"href":"https:\/\/idealmusicbox.com\/es\/wp-json\/wp\/v2\/product_tag?post=1102"}],"curies":[{"name":"wp","href":"https:\/\/api.w.org\/{rel}","templated":true}]}}