{"id":1187,"date":"2023-02-23T20:49:50","date_gmt":"2023-02-23T20:49:50","guid":{"rendered":"http:\/\/idealmusicbox.com\/?post_type=product&#038;p=1187"},"modified":"2024-07-17T13:35:04","modified_gmt":"2024-07-17T18:35:04","slug":"marching-trombone-piston","status":"publish","type":"product","link":"https:\/\/idealmusicbox.com\/es\/producto\/piston-de-trombon-de-marcha\/","title":{"rendered":"PIST\u00d3N DE TROMB\u00d3N DE MARCHA"},"content":{"rendered":"<p>MARCHA DEL TROMB\u00d3N<br \/>\nIMTRB-M-200<\/p>\n<p>CLAVE: Sib<br \/>\nPIST\u00d3N: CUPRON\u00cdQUEL<br \/>\nPESO: 1,70 Kg.<br \/>\nLUZ DE LA CAJA<\/p>","protected":false},"excerpt":{"rendered":"<p>MARCHA DEL TROMB\u00d3N<br \/>\nIMTRB-M-200<\/p>\n<p>\u2022 .TECLA: Sib<br \/>\n\u2022 .DI\u00c1METRO: 12,3 mm<br \/>\n\u2022 .CAMPANA: 220,00 mm<br \/>\n\u2022 .PIST\u00d3N: CUPRON\u00cdQUEL<br \/>\n\u2022 .DIAPOSITIVA DE TUNING: CUPRON\u00cdQUEL<br \/>\n\u2022 .DESLIZANTE DE MANO: CUPRON\u00cdQUEL<br \/>\n\u2022 .ACABADO: COLOR AMARILLO BAJO<br \/>\n\u2022 .PESO: 1,70Kg<br \/>\n\u2022 .BOQUILLA CA\u00d1O GRUESO<br \/>\n\u2022 .CASO: AF-204TRM<\/p>","protected":false},"featured_media":1224,"comment_status":"open","ping_status":"closed","template":"","meta":[],"product_cat":[41,28,32],"product_tag":[45,42,44,46,47,48,43],"jetpack_sharing_enabled":true,"_links":{"self":[{"href":"https:\/\/idealmusicbox.com\/es\/wp-json\/wp\/v2\/product\/1187"}],"collection":[{"href":"https:\/\/idealmusicbox.com\/es\/wp-json\/wp\/v2\/product"}],"about":[{"href":"https:\/\/idealmusicbox.com\/es\/wp-json\/wp\/v2\/types\/product"}],"replies":[{"embeddable":true,"href":"https:\/\/idealmusicbox.com\/es\/wp-json\/wp\/v2\/comments?post=1187"}],"wp:featuredmedia":[{"embeddable":true,"href":"https:\/\/idealmusicbox.com\/es\/wp-json\/wp\/v2\/media\/1224"}],"wp:attachment":[{"href":"https:\/\/idealmusicbox.com\/es\/wp-json\/wp\/v2\/media?parent=1187"}],"wp:term":[{"taxonomy":"product_cat","embeddable":true,"href":"https:\/\/idealmusicbox.com\/es\/wp-json\/wp\/v2\/product_cat?post=1187"},{"taxonomy":"product_tag","embeddable":true,"href":"https:\/\/idealmusicbox.com\/es\/wp-json\/wp\/v2\/product_tag?post=1187"}],"curies":[{"name":"wp","href":"https:\/\/api.w.org\/{rel}","templated":true}]}}