{"id":1234,"date":"2023-03-01T01:41:05","date_gmt":"2023-03-01T01:41:05","guid":{"rendered":"http:\/\/5kf.661.mywebsitetransfer.com\/?post_type=product&#038;p=1234"},"modified":"2026-02-17T12:54:04","modified_gmt":"2026-02-17T17:54:04","slug":"mandolin","status":"publish","type":"product","link":"https:\/\/idealmusicbox.com\/es\/producto\/mandolina\/","title":{"rendered":"MANDOLINA"},"content":{"rendered":"<p>MANDOLINA<br \/>\n\u2022 nivel avanzado<br \/>\n\u2022 construido con madera seleccionada<br \/>\n\u2022 Tapa de pino arm\u00f3nico<br \/>\n\u2022 Fondo y aros de caoba<br \/>\n\u2022 Diapas\u00f3n de palisandro<br \/>\n\u2022 Clavijas 1:14<br \/>\n\u2022 Acabado lacado brillo mate<br \/>\n\u2022 Estuche ligero y acolchado estilo bolso.<\/p>","protected":false},"excerpt":{"rendered":"<p>Mandolina IMMAD-222<br \/>\nLa tapa maciza de abeto Sitka tallada le brinda una articulaci\u00f3n limpia y un tono n\u00edtido y brillante.<br \/>\nFondo y aros de caoba para un toque extra.<br \/>\nM\u00e1stil delgado de caoba para una acci\u00f3n c\u00f3moda y f\u00e1cil<br \/>\nEl diapas\u00f3n de palisandro de la India Oriental Choice garantiza una jugabilidad suave y sedosa.<br \/>\nEl acabado en laca \u00e1mbar transparente brillo mate imparte brillo y belleza mejorados.<\/p>","protected":false},"featured_media":1243,"comment_status":"open","ping_status":"closed","template":"","meta":[],"product_cat":[32,30],"product_tag":[52,53,55,51,50,54],"jetpack_sharing_enabled":true,"_links":{"self":[{"href":"https:\/\/idealmusicbox.com\/es\/wp-json\/wp\/v2\/product\/1234"}],"collection":[{"href":"https:\/\/idealmusicbox.com\/es\/wp-json\/wp\/v2\/product"}],"about":[{"href":"https:\/\/idealmusicbox.com\/es\/wp-json\/wp\/v2\/types\/product"}],"replies":[{"embeddable":true,"href":"https:\/\/idealmusicbox.com\/es\/wp-json\/wp\/v2\/comments?post=1234"}],"wp:featuredmedia":[{"embeddable":true,"href":"https:\/\/idealmusicbox.com\/es\/wp-json\/wp\/v2\/media\/1243"}],"wp:attachment":[{"href":"https:\/\/idealmusicbox.com\/es\/wp-json\/wp\/v2\/media?parent=1234"}],"wp:term":[{"taxonomy":"product_cat","embeddable":true,"href":"https:\/\/idealmusicbox.com\/es\/wp-json\/wp\/v2\/product_cat?post=1234"},{"taxonomy":"product_tag","embeddable":true,"href":"https:\/\/idealmusicbox.com\/es\/wp-json\/wp\/v2\/product_tag?post=1234"}],"curies":[{"name":"wp","href":"https:\/\/api.w.org\/{rel}","templated":true}]}}