{"id":594,"date":"2019-06-19T02:33:47","date_gmt":"2019-06-19T02:33:47","guid":{"rendered":"http:\/\/idealmusicbox.com\/?post_type=product&#038;p=594"},"modified":"2024-07-05T02:58:57","modified_gmt":"2024-07-05T07:58:57","slug":"violin-3-4-wilfer","status":"publish","type":"product","link":"https:\/\/idealmusicbox.com\/es\/producto\/violin-3-4-wilfer\/","title":{"rendered":"Viol\u00edn 3\/4 Emanuel Wilfer"},"content":{"rendered":"","protected":false},"excerpt":{"rendered":"<p>Emanuel Wilfer Viol\u00edn Guarneri 72 hecho a mano 3\/4<br \/>\nF\u00e1cil respuesta y jugabilidad, y la m\u00e1s alta calidad de tono con colores de sonido equilibrados<br \/>\nSe utilizan maderas de tono europeo bien sazonadas. Todo<br \/>\nfondos y tapas est\u00e1n tallados a mano, cuidando las caracter\u00edsticas espec\u00edficas<br \/>\nde la madera. <\/p>\n<p>Env\u00edo gratis<br \/>\nDevoluciones en 7 d\u00edas: el comprador paga el env\u00edo de devoluci\u00f3n<\/p>","protected":false},"featured_media":595,"comment_status":"open","ping_status":"closed","template":"","meta":[],"product_cat":[20],"product_tag":[],"jetpack_sharing_enabled":true,"_links":{"self":[{"href":"https:\/\/idealmusicbox.com\/es\/wp-json\/wp\/v2\/product\/594"}],"collection":[{"href":"https:\/\/idealmusicbox.com\/es\/wp-json\/wp\/v2\/product"}],"about":[{"href":"https:\/\/idealmusicbox.com\/es\/wp-json\/wp\/v2\/types\/product"}],"replies":[{"embeddable":true,"href":"https:\/\/idealmusicbox.com\/es\/wp-json\/wp\/v2\/comments?post=594"}],"wp:featuredmedia":[{"embeddable":true,"href":"https:\/\/idealmusicbox.com\/es\/wp-json\/wp\/v2\/media\/595"}],"wp:attachment":[{"href":"https:\/\/idealmusicbox.com\/es\/wp-json\/wp\/v2\/media?parent=594"}],"wp:term":[{"taxonomy":"product_cat","embeddable":true,"href":"https:\/\/idealmusicbox.com\/es\/wp-json\/wp\/v2\/product_cat?post=594"},{"taxonomy":"product_tag","embeddable":true,"href":"https:\/\/idealmusicbox.com\/es\/wp-json\/wp\/v2\/product_tag?post=594"}],"curies":[{"name":"wp","href":"https:\/\/api.w.org\/{rel}","templated":true}]}}