{"id":609,"date":"2019-06-19T03:33:54","date_gmt":"2019-06-19T03:33:54","guid":{"rendered":"http:\/\/idealmusicbox.com\/?post_type=product&#038;p=609"},"modified":"2025-04-02T09:01:33","modified_gmt":"2025-04-02T14:01:33","slug":"vl-536-violin-1-bugatti-giorgio","status":"publish","type":"product","link":"https:\/\/idealmusicbox.com\/es\/producto\/vl-536-violin-1-bugatti-giorgio\/","title":{"rendered":"Viol\u00edn 4\/4 Ideal Bugatti"},"content":{"rendered":"","protected":false},"excerpt":{"rendered":"<p>El viol\u00edn Ideal Bugatti representa un gran valor para el m\u00fasico que avanza.<br \/>\nSu c\u00e1lido barniz marr\u00f3n dorado combina con su tono c\u00e1lido y su facilidad de ejecuci\u00f3n, lo que llevar\u00e1 al estudiante al siguiente nivel.<\/p>\n<p>Env\u00edo Gratis en EEUU<\/p>\n<p>Excelente viol\u00edn profesional a precio de estudiante.<br \/>\nSonido, color y proyecci\u00f3n de un Solista de Gran Sala de Conciertos.<br \/>\nSonido estable y homog\u00e9neo lleno de arm\u00f3nicos conson\u00e1nticos que transportan al p\u00fablico a una dulce fantas\u00eda.<\/p>","protected":false},"featured_media":619,"comment_status":"open","ping_status":"closed","template":"","meta":[],"product_cat":[24,32,33],"product_tag":[],"jetpack_sharing_enabled":true,"_links":{"self":[{"href":"https:\/\/idealmusicbox.com\/es\/wp-json\/wp\/v2\/product\/609"}],"collection":[{"href":"https:\/\/idealmusicbox.com\/es\/wp-json\/wp\/v2\/product"}],"about":[{"href":"https:\/\/idealmusicbox.com\/es\/wp-json\/wp\/v2\/types\/product"}],"replies":[{"embeddable":true,"href":"https:\/\/idealmusicbox.com\/es\/wp-json\/wp\/v2\/comments?post=609"}],"wp:featuredmedia":[{"embeddable":true,"href":"https:\/\/idealmusicbox.com\/es\/wp-json\/wp\/v2\/media\/619"}],"wp:attachment":[{"href":"https:\/\/idealmusicbox.com\/es\/wp-json\/wp\/v2\/media?parent=609"}],"wp:term":[{"taxonomy":"product_cat","embeddable":true,"href":"https:\/\/idealmusicbox.com\/es\/wp-json\/wp\/v2\/product_cat?post=609"},{"taxonomy":"product_tag","embeddable":true,"href":"https:\/\/idealmusicbox.com\/es\/wp-json\/wp\/v2\/product_tag?post=609"}],"curies":[{"name":"wp","href":"https:\/\/api.w.org\/{rel}","templated":true}]}}