{"id":661,"date":"2019-08-06T03:07:28","date_gmt":"2019-08-06T03:07:28","guid":{"rendered":"http:\/\/idealmusicbox.com\/?post_type=product&#038;p=661"},"modified":"2026-02-17T13:33:37","modified_gmt":"2026-02-17T18:33:37","slug":"661","status":"publish","type":"product","link":"https:\/\/idealmusicbox.com\/es\/producto\/661\/","title":{"rendered":"SAXO SOPRANO IMSAX-S-300"},"content":{"rendered":"<p>SAXO SOPRANO EN Sib<br \/>\n\u2022 .RANGO Sib BAJO HASTA EL F#<br \/>\n\u2022 .CAMPANA SOLDADA A DOS PIEZAS<br \/>\n\u2022 .LLAVE TRINO F# AGUDA<br \/>\n\u2022 .ACABADO EN LAT\u00d3N ORO<br \/>\n\u2022 .BOQUILLA TIPO ALEMANA<br \/>\n\u2022 .ZAPATILLAS Y AGUJAS PROFESIONALES<br \/>\n\u2022 .PERLAS NEGRAS<br \/>\n\u2022 .LIMPIADOR, CORREA Y ESTUCHE DURO   <\/p>","protected":false},"excerpt":{"rendered":"<p>El SAXO SOPRANO IMSAX-S-300 es un instrumento con un sonido hermoso, melodioso y dulce, se presta con facilidad al virtuosismo con su digitaci\u00f3n ergon\u00f3mica c\u00f3moda y suave, con un precio de estudiante que compite en calidad con otros saxos mucho m\u00e1s caros. Perlas negras, estuche liviano. Viene con boquilla, abrazadera, afinador electr\u00f3nico y pa\u00f1o de limpieza.<\/p>","protected":false},"featured_media":662,"comment_status":"open","ping_status":"closed","template":"","meta":[],"product_cat":[31,27],"product_tag":[],"jetpack_sharing_enabled":true,"_links":{"self":[{"href":"https:\/\/idealmusicbox.com\/es\/wp-json\/wp\/v2\/product\/661"}],"collection":[{"href":"https:\/\/idealmusicbox.com\/es\/wp-json\/wp\/v2\/product"}],"about":[{"href":"https:\/\/idealmusicbox.com\/es\/wp-json\/wp\/v2\/types\/product"}],"replies":[{"embeddable":true,"href":"https:\/\/idealmusicbox.com\/es\/wp-json\/wp\/v2\/comments?post=661"}],"wp:featuredmedia":[{"embeddable":true,"href":"https:\/\/idealmusicbox.com\/es\/wp-json\/wp\/v2\/media\/662"}],"wp:attachment":[{"href":"https:\/\/idealmusicbox.com\/es\/wp-json\/wp\/v2\/media?parent=661"}],"wp:term":[{"taxonomy":"product_cat","embeddable":true,"href":"https:\/\/idealmusicbox.com\/es\/wp-json\/wp\/v2\/product_cat?post=661"},{"taxonomy":"product_tag","embeddable":true,"href":"https:\/\/idealmusicbox.com\/es\/wp-json\/wp\/v2\/product_tag?post=661"}],"curies":[{"name":"wp","href":"https:\/\/api.w.org\/{rel}","templated":true}]}}