{"id":848,"date":"2020-12-17T04:05:17","date_gmt":"2020-12-17T04:05:17","guid":{"rendered":"http:\/\/idealmusicbox.com\/?post_type=product&#038;p=848"},"modified":"2026-02-17T13:40:16","modified_gmt":"2026-02-17T18:40:16","slug":"cuatro-15-f-folk-venezolano-colombiano","status":"publish","type":"product","link":"https:\/\/idealmusicbox.com\/es\/producto\/cuatro-15-f-folk-venezolano-colombiano\/","title":{"rendered":"CUATRO 15\/F P\u00cdCEA Y PALISANDRO FOLK VENEZOLANO"},"content":{"rendered":"<p>CUATRO SOLISTA<br \/>\nEXCELENTE SONIDO Y SINTONIZACI\u00d3N<br \/>\nIMCUATRO 400- 15 trastes<\/p>\n<p>\u2022 Tapa: Pino arm\u00f3nico \u2013 Abeto<br \/>\n\u2022 Fondo y aros: palisandro<br \/>\n\u2022 Diapas\u00f3n: Palisandro<br \/>\n\u2022 Puente: Palisandro<br \/>\n\u2022 M\u00e1stil\/Red: Caoba<br \/>\n\u2022 Afinadores: afinadores de precisi\u00f3n, 18 muelas<br \/>\n\u2022 Cuerdas: Cuerdas de nailon ideales<br \/>\n\u2022 case:  pre-shaped <\/p>\n<p>Env\u00edo gratuito en EE. UU.<br \/>\nDevoluciones de 25 d\u00edas: el comprador paga el env\u00edo de devoluci\u00f3n<br \/>\nCualquier presentaci\u00f3n con el instrumento y perder\u00e1 la garant\u00eda de devoluci\u00f3n.<\/p>\n<p>TAMBI\u00c9N PUEDES COMPRARLO EN:<br \/>\nwww.amazon.com<br \/>\nwww.ebay.com<\/p>\n<p>CUATRO SOLISTA<br \/>\nEXCELENTE SONIDO Y AFINACION<br \/>\nIMCUATRO 400- 15 trastes<br \/>\n  Maderas finas<\/p>\n<p>\u2022 Tope pino arm\u00f3nico<br \/>\n\u2022 Fondo y aros de Rosewood<br \/>\n\u2022 Tastiera de palo de rosa<br \/>\n\u2022 Puente de Palo de Rosa<br \/>\n\u2022 M\u00e1stil de Caoba<br \/>\n\u2022 Afinadores de precisi\u00f3n, de 18 pasos<br \/>\n\u2022 Cuerdas Ideales de Nylon<br \/>\n\u2022 Estuche preformado.<\/p>\n<p>Env\u00edo gratis (EE.UU.)<br \/>\n25 d\u00edas para regresar \u2013 el cliente paga el env\u00edo de retorno<br \/>\nCualquier presentaci\u00f3n en p\u00fablico con el instrumento y pierde la garant\u00eda de retorno.<\/p>\n<p>TAMBIEN PUEDES COMPRALO EN:<br \/>\nwww.amazon.com<br \/>\nwww.ebay.com<\/p>","protected":false},"excerpt":{"rendered":"<p>CUATRO SOLISTA<br \/>\nEXCELENTE SONIDO Y SINTONIZACI\u00d3N<br \/>\nIMCUATRO 400-15 traste<br \/>\n\u00a0\u00a0 Madera maciza<\/p>\n<p>\u2022 Tapa: Pino arm\u00f3nico \u2013 Abeto<br \/>\n\u2022 Fondo y aros: palisandro<br \/>\n\u2022 Diapas\u00f3n: Palisandro<br \/>\n\u2022 Puente: Palisandro<br \/>\n\u2022 M\u00e1stil\/Red: Caoba<br \/>\n\u2022 Afinadores: afinadores de precisi\u00f3n, 18 muelas<br \/>\n\u2022 Cuerdas: Cuerdas de nailon ideales<br \/>\n\u2022 estuche: estuche r\u00edgido preformado <\/p>\n<p>Env\u00edo<br \/>\n*algunos lugares no aplican<\/p>","protected":false},"featured_media":736,"comment_status":"open","ping_status":"closed","template":"","meta":[],"product_cat":[26,32,30],"product_tag":[38],"jetpack_sharing_enabled":true,"_links":{"self":[{"href":"https:\/\/idealmusicbox.com\/es\/wp-json\/wp\/v2\/product\/848"}],"collection":[{"href":"https:\/\/idealmusicbox.com\/es\/wp-json\/wp\/v2\/product"}],"about":[{"href":"https:\/\/idealmusicbox.com\/es\/wp-json\/wp\/v2\/types\/product"}],"replies":[{"embeddable":true,"href":"https:\/\/idealmusicbox.com\/es\/wp-json\/wp\/v2\/comments?post=848"}],"wp:featuredmedia":[{"embeddable":true,"href":"https:\/\/idealmusicbox.com\/es\/wp-json\/wp\/v2\/media\/736"}],"wp:attachment":[{"href":"https:\/\/idealmusicbox.com\/es\/wp-json\/wp\/v2\/media?parent=848"}],"wp:term":[{"taxonomy":"product_cat","embeddable":true,"href":"https:\/\/idealmusicbox.com\/es\/wp-json\/wp\/v2\/product_cat?post=848"},{"taxonomy":"product_tag","embeddable":true,"href":"https:\/\/idealmusicbox.com\/es\/wp-json\/wp\/v2\/product_tag?post=848"}],"curies":[{"name":"wp","href":"https:\/\/api.w.org\/{rel}","templated":true}]}}