{"id":849,"date":"2020-12-17T04:09:52","date_gmt":"2020-12-17T04:09:52","guid":{"rendered":"http:\/\/5kf.661.mywebsitetransfer.com\/?post_type=product&#038;p=849"},"modified":"2026-04-08T15:59:45","modified_gmt":"2026-04-08T20:59:45","slug":"cuatro-17-f-folk-venezolano-colombiano","status":"publish","type":"product","link":"https:\/\/idealmusicbox.com\/es\/producto\/cuatro-17-f-folk-venezolano-colombiano\/","title":{"rendered":"CUATRO 17-F FOLK VENEZOLANO-COLOMBIANO"},"content":{"rendered":"<p>CUATRO SOLISTA IMCU-300-322<br \/>\nEXCELENTE SONIDO Y SINTONIZACI\u00d3N<br \/>\nCUATRO 17 traste<\/p>\n<p>Excelentes maderas nobles<br \/>\ncuidadosamente seleccionado<\/p>\n<p>\u2022 Tapa: Pino arm\u00f3nico \u2013 Abeto<br \/>\n\u2022 Fondo y aros: Caoba<br \/>\n\u2022 Diapas\u00f3n: Palisandro<br \/>\n\u2022 Puente: Palisandro<br \/>\n\u2022 M\u00e1stil\/Red: Caoba<br \/>\n\u2022 Afinadores: afinadores de precisi\u00f3n, 18 pasos de engranajes<br \/>\n\u2022 Cuerdas: Cuerdas de nailon Ideal Music<br \/>\n\u2022 estuche: estuche r\u00edgido medio preformado<\/p>\n<p>Env\u00edo gratuito (EE. UU.)<br \/>\nDevoluciones de 25 d\u00edas: el comprador paga el env\u00edo de devoluci\u00f3n<br \/>\nCualquier presentaci\u00f3n p\u00fablica con el instrumento y perder\u00e1 la garant\u00eda de devoluci\u00f3n.<\/p>\n<p>TAMBI\u00c9N PUEDES COMPRARLO EN:<br \/>\nwww.amazon.com<br \/>\nwww.ebay.com<\/p>\n<p>CUATRO SOLISTA<br \/>\nEXCELENTE SONIDO Y AFINACION<br \/>\nIMCUATRO 300-17 trastes<br \/>\nMaderas Solidas<\/p>\n<p>\u2022 Tope pino arm\u00f3nico<br \/>\n\u2022 Fondo y aros de Cedro<br \/>\n\u2022 Tastiera de palo de rosa<br \/>\n\u2022 Puente de Palo de Rosa<br \/>\n\u2022 M\u00e1stil de Cedro<br \/>\n\u2022 Afinadores de precisi\u00f3n, de 18 pasos o dientes<br \/>\n\u2022 Cuerdas Ideales de Nylon<br \/>\n\u2022 Estuche Semi duro preformado.<\/p>\n<p>Env\u00edo gratis a EE. UU.<br \/>\n25 d\u00edas para regresar \u2013 el cliente paga el env\u00edo de retorno<br \/>\nCualquier presentaci\u00f3n p\u00fablica con el instrumento y pierde la garant\u00eda de retorno.<\/p>\n<p>TAMBIEN PUEDES COMPRALO EN:<br \/>\nwww.amazon.com<br \/>\nwww.ebay.com<\/p>\n<p>El Cuatro Venezolano IMCU-300-322-122-SM,<br \/>\nTapa de pino-abeto y aros y fondo de caoba de alta calidad.<\/p>\n<p>El pino en la parte superior asegura una voz clara, brillante y robusta, d\u00e1ndole al Cuatro Ideal Music una gran proyecci\u00f3n en la sala.<\/p>\n<p>La caoba en fondo y aros, es una madera dura tropical de color desde dorado hasta marr\u00f3n rojizo oscuro, es una madera densa que da un sonido dulce, c\u00e1lido y con muy buen \u201csustain\u201d, se utiliza frecuentemente en guitarras cl\u00e1sicas.<\/p>\n<p>Los florones y apliques en los cantos de todos nuestros Cuatro Ideal Music son incrustaciones de maderas de peral pintado de negro, pino y caoba que adem\u00e1s de reforzar los cantos les dan un acabado muy elegante.<br \/>\nEl diapas\u00f3n y puente de palosanto es una madera de alta densidad que produce una excelente respuesta para la transmisi\u00f3n de vibraciones desde las cuerdas al cuerpo del Cuatro.<br \/>\nEl m\u00e1stil y parche son de Caoba rematados con un aplique de Caoba con el logo de la marca Ideal Music grabado en bajo relieve.<br \/>\nLos sintonizadores utilizados son de precisi\u00f3n de 18 pasos de engranajes.<\/p>\n<p>Ideal Music con cuerdas de nailon y estuche r\u00edgido acolchado tipo mochila forrado en lona negra y cierre muy resistente.<\/p>\n<p>El Cuatro Venezolano IMCU-300-322-122-SM,<br \/>\nTope de Pino y fondo y aros de Caoba de alta calidad.<\/p>\n<p>El pino en la tapa garantiza una sonoridad robusta clara y brillante, d\u00e1ndole al Cuatro Ideal Music una proyecci\u00f3n de gran sal\u00f3n.<\/p>\n<p>La Caoba en el fondo y laterales, es una madera dura tropical con un color de dorado a marr\u00f3n rojizo oscuro, es una madera densa que da un sonido dulce, c\u00e1lido y con muy buen \u201csustain\u201d, es frecuentemente usada en las guitarras cl\u00e1sicas.<\/p>\n<p>Las rosetas y los apliques de los bordes de todos nuestros Cuatros Ideal Music, son maderas incrustadas de pera pintada de negro, pino y caoba que adem\u00e1s de reforzar los bordes le dan un acabado muy elegante; el diapas\u00f3n y el puente de palo de rosa es una madera de alta densidad que produce una excelente respuesta para la transmisi\u00f3n de vibraciones de las cuerdas hasta el cuerpo del Cuatro.<br \/>\nEl m\u00e1stil y cabeza son de Caoba terminado con un aplique de Caoba con el logo de la marca de Ideal Music grabado en bajo relieve,<br \/>\nlas clavijas usadas son de precisi\u00f3n de 1:18 pasos en el engranaje.<br \/>\nCuerdas de nylon Ideal Music y viene con un estuche tipo morral acolchado r\u00edgido forrado en lona negra y cierre muy resistente.<\/p>","protected":false},"excerpt":{"rendered":"<p>CUATRO 17 TRASTES<br \/>\nEXCELENTE SONIDO Y SINTONIZACI\u00d3N<br \/>\nTraste IMCUATRO 300-332-17<\/p>\n<p><strong>ENV\u00cdO GRATIS EN EE. UU.<\/strong><\/p>\n<p><strong>ENV\u00cdO A NIVEL MUNDIAL<\/strong><br \/>\nUSA, CANAD\u00c1, M\u00c9XICO = LLEGA 5 D\u00cdAS<br \/>\nEUROPA = LLEGA DE 7 A 9 D\u00cdAS<br \/>\nSUR Y CENTROAMERICA = LLEGA DE 7 A 10 DIAS<\/p>\n<p><strong>PREGUNTE POR EL DESCUENTO EN EL FLETE INTERNACIONAL <\/strong><\/p>\n<p>Los impuestos y gastos de aduana deben ser pagados por el comprador.<\/p>\n<p>MADERAS NOBLES SELECCIONADAS<\/p>\n<p>\u2022 Tapa: Pino arm\u00f3nico \u2013 Abeto<br \/>\n\u2022 Fondo y aros: Caoba<br \/>\n\u2022 Diapas\u00f3n: Palisandro<br \/>\n\u2022 Puente: Palisandro<br \/>\n\u2022 M\u00e1stil\/Red: Caoba<br \/>\n\u2022 Afinadores: afinadores de precisi\u00f3n, 18 pasos de engranajes<br \/>\n\u2022 Cuerdas: Cuerdas de nailon ideales<br \/>\n\u2022 estuche: estuche r\u00edgido preformado<\/p>\n<p>Env\u00edo<br \/>\n*algunos lugares no aplican<\/p>","protected":false},"featured_media":845,"comment_status":"open","ping_status":"closed","template":"","meta":[],"product_cat":[26,32,30],"product_tag":[38],"jetpack_sharing_enabled":true,"_links":{"self":[{"href":"https:\/\/idealmusicbox.com\/es\/wp-json\/wp\/v2\/product\/849"}],"collection":[{"href":"https:\/\/idealmusicbox.com\/es\/wp-json\/wp\/v2\/product"}],"about":[{"href":"https:\/\/idealmusicbox.com\/es\/wp-json\/wp\/v2\/types\/product"}],"replies":[{"embeddable":true,"href":"https:\/\/idealmusicbox.com\/es\/wp-json\/wp\/v2\/comments?post=849"}],"wp:featuredmedia":[{"embeddable":true,"href":"https:\/\/idealmusicbox.com\/es\/wp-json\/wp\/v2\/media\/845"}],"wp:attachment":[{"href":"https:\/\/idealmusicbox.com\/es\/wp-json\/wp\/v2\/media?parent=849"}],"wp:term":[{"taxonomy":"product_cat","embeddable":true,"href":"https:\/\/idealmusicbox.com\/es\/wp-json\/wp\/v2\/product_cat?post=849"},{"taxonomy":"product_tag","embeddable":true,"href":"https:\/\/idealmusicbox.com\/es\/wp-json\/wp\/v2\/product_tag?post=849"}],"curies":[{"name":"wp","href":"https:\/\/api.w.org\/{rel}","templated":true}]}}