{"id":851,"date":"2020-12-17T04:58:08","date_gmt":"2020-12-17T04:58:08","guid":{"rendered":"http:\/\/idealmusicbox.com\/?post_type=product&#038;p=851"},"modified":"2026-04-29T05:38:12","modified_gmt":"2026-04-29T10:38:12","slug":"trumpet-bb-imtr-520-2","status":"publish","type":"product","link":"https:\/\/idealmusicbox.com\/es\/producto\/trompeta-sib-imtr-520-2\/","title":{"rendered":"TROMPETA Sib IMTR-520"},"content":{"rendered":"<p>TROMPETA IMTR-520<br \/>\nPROFESIONAL<\/p>\n<p>\u2022 .TECLA: Sib<br \/>\n\u2022 .DI\u00c1METRO: 11,66 mm<br \/>\n\u2022 .CAMPANA: 121,8 mm<br \/>\n\u2022 .TUBO DE SINTONIZACI\u00d3N: LAT\u00d3N AMARILLO<br \/>\n\u2022 .PIST\u00d3N: ACERO INOXIDABLE<br \/>\n\u2022 .TUBO: LAT\u00d3N AMARILLO<br \/>\n\u2022 .ACABADO: BA\u00d1O DE PLATA<br \/>\n\u2022 CASE : CASE K38<\/p>","protected":false},"excerpt":{"rendered":"<p>La trompeta IMTR-520 demostr\u00f3 ser la reina de la l\u00ednea de trompetas Ideal, con un sonido claro y brillante, f\u00e1cil de producir y r\u00e1pido en el ataque, estable en los arm\u00f3nicos y afinaci\u00f3n desde los graves hasta las notas altas, es muy recomendable para Estudiantes avanzados que buscan el m\u00e1ximo nivel.<\/p>\n<p>La trompeta IMTR-520 a resultado ser la reina de la linea de trompetas Ideal, con un sonido claro y brillante, facil de producir y rapido en el ataque, estable en los arm\u00f3nicos y afinacion desde las notas graves a los agudos, es altamente recomendable para los estudiantes avanzados que buscan el niven mas alto.<\/p>","protected":false},"featured_media":709,"comment_status":"open","ping_status":"closed","template":"","meta":[],"product_cat":[41,28,32],"product_tag":[],"jetpack_sharing_enabled":true,"_links":{"self":[{"href":"https:\/\/idealmusicbox.com\/es\/wp-json\/wp\/v2\/product\/851"}],"collection":[{"href":"https:\/\/idealmusicbox.com\/es\/wp-json\/wp\/v2\/product"}],"about":[{"href":"https:\/\/idealmusicbox.com\/es\/wp-json\/wp\/v2\/types\/product"}],"replies":[{"embeddable":true,"href":"https:\/\/idealmusicbox.com\/es\/wp-json\/wp\/v2\/comments?post=851"}],"wp:featuredmedia":[{"embeddable":true,"href":"https:\/\/idealmusicbox.com\/es\/wp-json\/wp\/v2\/media\/709"}],"wp:attachment":[{"href":"https:\/\/idealmusicbox.com\/es\/wp-json\/wp\/v2\/media?parent=851"}],"wp:term":[{"taxonomy":"product_cat","embeddable":true,"href":"https:\/\/idealmusicbox.com\/es\/wp-json\/wp\/v2\/product_cat?post=851"},{"taxonomy":"product_tag","embeddable":true,"href":"https:\/\/idealmusicbox.com\/es\/wp-json\/wp\/v2\/product_tag?post=851"}],"curies":[{"name":"wp","href":"https:\/\/api.w.org\/{rel}","templated":true}]}}