{"id":924,"date":"2021-11-21T05:09:01","date_gmt":"2021-11-21T05:09:01","guid":{"rendered":"http:\/\/idealmusicbox.com\/?post_type=product&#038;p=924"},"modified":"2025-01-12T12:09:21","modified_gmt":"2025-01-12T17:09:21","slug":"cuatro-bass-eq-bass-ideal-music-spruce-y-arce","status":"publish","type":"product","link":"https:\/\/idealmusicbox.com\/es\/producto\/cuatro-bass-eq-bass-ideal-musica-abeto-y-arce\/","title":{"rendered":"CUATRO BASS EQ BASS IDEAL MUSIC SPRUCE Y ARCE"},"content":{"rendered":"<p>CUATRO BASS EQ amplificado<\/p>\n<p><strong>ENV\u00cdO GRATIS EN EE.UU.<\/strong><\/p>\n<p><strong>ENV\u00cdO A NIVEL MUNDIAL<\/strong><br \/>\nUSA, CANAD\u00c1, M\u00c9XICO = LLEGA 5 D\u00cdAS<br \/>\nEUROPA = LLEGA DE 7 A 9 D\u00cdAS<br \/>\nSUR Y CENTROAMERICA = LLEGA DE 7 A 10 DIAS<\/p>\n<p><strong>PREGUNTE POR EL DESCUENTO EN EL FLETE<\/strong><br \/>\nLos impuestos y gastos de aduana deben ser pagados por el comprador.<\/p>\n<p>Tapa: Pino<br \/>\nFondo y Aros: Arce- Arce<br \/>\nDiapas\u00f3n: palisandro<br \/>\nM\u00e1stil\/Red: cedro\/caoba<br \/>\nCuerdas: Bajo Aquila Thunder de 4 cuerdas<br \/>\ntripa de trueno<br \/>\nE\/1\u00ba 2,40 mm<br \/>\nA\/2\u00ba 3,00 mm<br \/>\nD\/3\u00ba 4,20 mm<br \/>\nG\/4\u00ba 5,00 mm<\/p>\n<p>Es un bajo con excelentes arm\u00f3nicos naturales, su caja de resonancia en maderas de Pino y Arce le otorga una riqueza \u00fanica en arm\u00f3nicos que embellecen su timbre base, adem\u00e1s de una digitaci\u00f3n s\u00faper amigable y c\u00f3moda que no cansa ni maltrata tus dedos, por ser Un instrumento ac\u00fastico permite estudiar sin necesidad de amplificador, lleva integrada asistencia de sonido amplificada instalada con amplificaci\u00f3n piezoel\u00e9ctrica de 4 canales con sintonizador integrado.<\/p>\n<p>El Cuatro Bajo M\u00fasica Ideal<br \/>\nEl pino en la parte superior garantiza una voz clara, brillante y robusta, d\u00e1ndole al Cuatro Ideal Music un hermoso sonido natural. <\/p>\n<p>El Arce Flameado o Arce, en fondo y aros, es una madera muy bella de alta resistencia, es densa y muy duradera, se caracteriza por ser de color claro y claro con vetas oscuras que cambian con la incidencia de la luz, en t\u00e9rminos de sonido. genera un sonido brillante, por lo que su sonido est\u00e1 lleno de arm\u00f3nicos agudos y medios agudos, esto da buena respuesta a ataques y sonidos cortos, se utiliza frecuentemente para violines, violonchelos y bajos.<\/p>\n<p>Las cuerdas Aquila para bajo Thundergut aportan una suavidad para los dedos del instrumentista, muy c\u00f3moda y suave, f\u00e1cil de comprimir, quitando la tensi\u00f3n al instrumentista, d\u00e1ndole un confort que le permite horas continuas sin cansancio.<br \/>\nLas distancias entre los trastes son m\u00e1s cortas, lo que brinda al int\u00e9rprete la comodidad para un mayor virtuosismo y una afinaci\u00f3n precisa.<br \/>\nEl diapas\u00f3n de palosanto es una madera de alta densidad que produce una excelente respuesta para la transmisi\u00f3n de vibraciones desde las cuerdas al cuerpo del Cuatro Bajo. El m\u00e1stil y parche son en Caoba terminados con un aplique de Caoba con el logo de la marca Ideal Music grabado en bajo relieve, las clavijas utilizadas son de precisi\u00f3n.<br \/>\nEl Cuatro Bass de Ideal Music y viene con una mochila de lona acolchada con cierre muy resistente.<\/p>","protected":false},"excerpt":{"rendered":"<p><strong>CUATRO BAJO <\/strong>Ecualizador amplificado<\/p>\n<p><strong>ENV\u00cdO GRATIS EN EE.UU.<\/strong><\/p>\n<p>EE.UU. \u2013 EUROPA \u2013 CANAD\u00c1 \u2013 M\u00c9XICO<br \/>\nCHILE \u2013 ARGENTINA \u2013 PER\u00da<\/p>\n<p><strong>PREGUNTE POR EL DESCUENTO EN EL FLETE<\/strong><\/p>\n<p>\u2022 Tapa: Pino arm\u00f3nico<br \/>\n\u2022 Fondo y aros: arce flameado<br \/>\n\u2022 Diapas\u00f3n y puente: Palisandro<br \/>\n\u2022 M\u00e1stil: Caoba<br \/>\n\u2022 Peg: afinadores de precisi\u00f3n<br \/>\n\u2022 Cuerdas Aquila y<br \/>\n\u2022 Estuche tipo mochila negro<\/p>\n<p>Tuning EADG<\/p>","protected":false},"featured_media":932,"comment_status":"open","ping_status":"closed","template":"","meta":[],"product_cat":[26,32,30],"product_tag":[],"jetpack_sharing_enabled":true,"_links":{"self":[{"href":"https:\/\/idealmusicbox.com\/es\/wp-json\/wp\/v2\/product\/924"}],"collection":[{"href":"https:\/\/idealmusicbox.com\/es\/wp-json\/wp\/v2\/product"}],"about":[{"href":"https:\/\/idealmusicbox.com\/es\/wp-json\/wp\/v2\/types\/product"}],"replies":[{"embeddable":true,"href":"https:\/\/idealmusicbox.com\/es\/wp-json\/wp\/v2\/comments?post=924"}],"wp:featuredmedia":[{"embeddable":true,"href":"https:\/\/idealmusicbox.com\/es\/wp-json\/wp\/v2\/media\/932"}],"wp:attachment":[{"href":"https:\/\/idealmusicbox.com\/es\/wp-json\/wp\/v2\/media?parent=924"}],"wp:term":[{"taxonomy":"product_cat","embeddable":true,"href":"https:\/\/idealmusicbox.com\/es\/wp-json\/wp\/v2\/product_cat?post=924"},{"taxonomy":"product_tag","embeddable":true,"href":"https:\/\/idealmusicbox.com\/es\/wp-json\/wp\/v2\/product_tag?post=924"}],"curies":[{"name":"wp","href":"https:\/\/api.w.org\/{rel}","templated":true}]}}